{"id":97,"date":"2019-02-13T07:46:36","date_gmt":"2019-02-13T07:46:36","guid":{"rendered":"http:\/\/wp12764376.server-he.de\/wp\/?page_id=97"},"modified":"2019-03-14T07:54:54","modified_gmt":"2019-03-14T07:54:54","slug":"lagerung","status":"publish","type":"page","link":"http:\/\/wp12764376.server-he.de\/wp\/?page_id=97","title":{"rendered":"Lagerung"},"content":{"rendered":"\n<p>Unsere moderne Umschlagsanlage, die mit neuester Technik ausgestattet ist, bietet auf mehr als 3.500 m\u00b2 Fl\u00e4che viel Raum f\u00fcr Ihre Projekte.<\/p>\n\n\n\n<p><br><em> Hier ein \u00dcberblick \u00fcber unsere Lagerleistungen:<\/em><br> o    Moderne Video\u00fcberwachung<br> o    Langzeiteinlagerung<br> o    Kommissionierung &amp; Distribution Ihrer Waren mit Retourenmanagement<br> o    Um- und Neuverpackung sowie Konfektionierung Ihrer Waren<\/p>\n\n\n\n<p><a href=\"http:\/\/wp12764376.server-he.de\/wp\/?page_id=36\">Wir beraten Sie gerne pers\u00f6nlich!<\/a><\/p>\n","protected":false},"excerpt":{"rendered":"<p>Unsere moderne Umschlagsanlage, die mit neuester Technik ausgestattet ist, bietet auf mehr als 3.500 m\u00b2 Fl\u00e4che viel Raum f\u00fcr Ihre Projekte. Hier ein \u00dcberblick \u00fcber unsere Lagerleistungen: o Moderne Video\u00fcberwachung o Langzeiteinlagerung o Kommissionierung &amp; Distribution Ihrer Waren mit Retourenmanagement o Um- und Neuverpackung sowie Konfektionierung Ihrer Waren Wir beraten Sie gerne pers\u00f6nlich!<\/p>\n","protected":false},"author":1,"featured_media":0,"parent":0,"menu_order":0,"comment_status":"closed","ping_status":"closed","template":"","meta":[],"_links":{"self":[{"href":"http:\/\/wp12764376.server-he.de\/wp\/index.php?rest_route=\/wp\/v2\/pages\/97"}],"collection":[{"href":"http:\/\/wp12764376.server-he.de\/wp\/index.php?rest_route=\/wp\/v2\/pages"}],"about":[{"href":"http:\/\/wp12764376.server-he.de\/wp\/index.php?rest_route=\/wp\/v2\/types\/page"}],"author":[{"embeddable":true,"href":"http:\/\/wp12764376.server-he.de\/wp\/index.php?rest_route=\/wp\/v2\/users\/1"}],"replies":[{"embeddable":true,"href":"http:\/\/wp12764376.server-he.de\/wp\/index.php?rest_route=%2Fwp%2Fv2%2Fcomments&post=97"}],"version-history":[{"count":3,"href":"http:\/\/wp12764376.server-he.de\/wp\/index.php?rest_route=\/wp\/v2\/pages\/97\/revisions"}],"predecessor-version":[{"id":174,"href":"http:\/\/wp12764376.server-he.de\/wp\/index.php?rest_route=\/wp\/v2\/pages\/97\/revisions\/174"}],"wp:attachment":[{"href":"http:\/\/wp12764376.server-he.de\/wp\/index.php?rest_route=%2Fwp%2Fv2%2Fmedia&parent=97"}],"curies":[{"name":"wp","href":"https:\/\/api.w.org\/{rel}","templated":true}]}}