{"id":50,"date":"2018-03-21T13:04:19","date_gmt":"2018-03-21T13:04:19","guid":{"rendered":"http:\/\/wp12764376.server-he.de\/wp\/?page_id=50"},"modified":"2019-03-14T07:55:14","modified_gmt":"2019-03-14T07:55:14","slug":"logistik","status":"publish","type":"page","link":"http:\/\/wp12764376.server-he.de\/wp\/?page_id=50","title":{"rendered":"Logistik"},"content":{"rendered":"\n<p>Die zunehmende Globalisierung erfordert eine Vernetzung verschiedener Gesch\u00e4ftsbereiche \u00fcber L\u00e4ndergrenzen hinweg. Dadurch gestalten sich Beschaffung, Produktion und Vertrieb von Waren heute als komplexe logistische Herausforderung. Wir verf\u00fcgen nicht nur \u00fcber das Know-How von \u00fcber 66 Jahren Branchenerfahrung. Wir schauen vor allem auf den Markt von morgen und bieten innovative Logistikl\u00f6sungen, die Ihnen entscheidende Wettbewerbsvorteile verschaffen. Ob Sie uns f\u00fcr einen Einzeltransport engagieren oder komplette Logistikbereiche an uns auslagern \u2013 wir bieten Ihnen mit unserem erfahrenen Team einen umfassenden Service.<\/p>\n\n\n\n<p><br> <em>Hier ein kleiner \u00dcberblick \u00fcber unsere Logistikleistungen<\/em><br> o    Containerabwicklung Import\/Export<br> o    T\u00e4gliche Abfahrten in alle europ\u00e4ischen L\u00e4nder<br> o    Teil- und Komplettladungen<br> o    Gefahrgut<br> o    Distributionslogistik<br> o    Beschaffungslogistik<br> o    Kontraktlogistik<br> o    Zollabwicklung<br> o    Expressdienste, Kurierfahrten<\/p>\n\n\n\n<p><a href=\"http:\/\/wp12764376.server-he.de\/wp\/?page_id=36\">Wir beraten Sie gerne pers\u00f6nlich!\ufeff<\/a><\/p>\n","protected":false},"excerpt":{"rendered":"<p>Die zunehmende Globalisierung erfordert eine Vernetzung verschiedener Gesch\u00e4ftsbereiche \u00fcber L\u00e4ndergrenzen hinweg. Dadurch gestalten sich Beschaffung, Produktion und Vertrieb von Waren heute als komplexe logistische Herausforderung. Wir verf\u00fcgen nicht nur \u00fcber das Know-How von \u00fcber 66 Jahren Branchenerfahrung. Wir schauen vor allem auf den Markt von morgen und bieten innovative Logistikl\u00f6sungen, die Ihnen entscheidende Wettbewerbsvorteile verschaffen. [&hellip;]<\/p>\n","protected":false},"author":1,"featured_media":0,"parent":0,"menu_order":0,"comment_status":"closed","ping_status":"closed","template":"","meta":[],"_links":{"self":[{"href":"http:\/\/wp12764376.server-he.de\/wp\/index.php?rest_route=\/wp\/v2\/pages\/50"}],"collection":[{"href":"http:\/\/wp12764376.server-he.de\/wp\/index.php?rest_route=\/wp\/v2\/pages"}],"about":[{"href":"http:\/\/wp12764376.server-he.de\/wp\/index.php?rest_route=\/wp\/v2\/types\/page"}],"author":[{"embeddable":true,"href":"http:\/\/wp12764376.server-he.de\/wp\/index.php?rest_route=\/wp\/v2\/users\/1"}],"replies":[{"embeddable":true,"href":"http:\/\/wp12764376.server-he.de\/wp\/index.php?rest_route=%2Fwp%2Fv2%2Fcomments&post=50"}],"version-history":[{"count":5,"href":"http:\/\/wp12764376.server-he.de\/wp\/index.php?rest_route=\/wp\/v2\/pages\/50\/revisions"}],"predecessor-version":[{"id":175,"href":"http:\/\/wp12764376.server-he.de\/wp\/index.php?rest_route=\/wp\/v2\/pages\/50\/revisions\/175"}],"wp:attachment":[{"href":"http:\/\/wp12764376.server-he.de\/wp\/index.php?rest_route=%2Fwp%2Fv2%2Fmedia&parent=50"}],"curies":[{"name":"wp","href":"https:\/\/api.w.org\/{rel}","templated":true}]}}