{"id":17,"date":"2018-03-21T12:58:09","date_gmt":"2018-03-21T12:58:09","guid":{"rendered":"http:\/\/wp12764376.server-he.de\/wp\/?page_id=17"},"modified":"2019-03-11T07:42:45","modified_gmt":"2019-03-11T07:42:45","slug":"home","status":"publish","type":"page","link":"http:\/\/wp12764376.server-he.de\/wp\/","title":{"rendered":"Home"},"content":{"rendered":"<div id=\"idTextPanel\" class=\"jqDnR\">\n<h3>Herzlichen Willkommen auf unserer Webseite<\/h3>\n<p>Wir sind eine mittelst\u00e4ndische, international t\u00e4tige Spedition im Familienbesitz und bieten unseren Kunden ma\u00dfgeschneiderte Logistikl\u00f6sungen in h\u00f6chster Qualit\u00e4t. Unsere Firmengeschichte reicht bis ins Jahr 1950 zur\u00fcck.<\/p>\n<p>Unsere Leistungen im \u00dcberblick<\/p>\n<ul>\n<li>Neue und topmoderne Umschlagshalle<\/li>\n<li>Containerabwicklung<\/li>\n<li>Europaweites Netzwerk f\u00fcr St\u00fcckgut<\/li>\n<li>T\u00e4gliche Abfahrten in alle europ\u00e4ischen L\u00e4nder<\/li>\n<li>Teil- und Komplettladungen<\/li>\n<li>Gefahrguttransporte<\/li>\n<li>Distributionslogistik<\/li>\n<li>Beschaffungslogistik<\/li>\n<li>Kontraktlogistik<\/li>\n<li>Etc<\/li>\n<\/ul>\n<\/div>\n","protected":false},"excerpt":{"rendered":"<p>Herzlichen Willkommen auf unserer Webseite Wir sind eine mittelst\u00e4ndische, international t\u00e4tige Spedition im Familienbesitz und bieten unseren Kunden ma\u00dfgeschneiderte Logistikl\u00f6sungen in h\u00f6chster Qualit\u00e4t. Unsere Firmengeschichte reicht bis ins Jahr 1950 zur\u00fcck. Unsere Leistungen im \u00dcberblick Neue und topmoderne Umschlagshalle Containerabwicklung Europaweites Netzwerk f\u00fcr St\u00fcckgut T\u00e4gliche Abfahrten in alle europ\u00e4ischen L\u00e4nder Teil- und Komplettladungen Gefahrguttransporte Distributionslogistik [&hellip;]<\/p>\n","protected":false},"author":1,"featured_media":0,"parent":0,"menu_order":0,"comment_status":"closed","ping_status":"closed","template":"","meta":[],"_links":{"self":[{"href":"http:\/\/wp12764376.server-he.de\/wp\/index.php?rest_route=\/wp\/v2\/pages\/17"}],"collection":[{"href":"http:\/\/wp12764376.server-he.de\/wp\/index.php?rest_route=\/wp\/v2\/pages"}],"about":[{"href":"http:\/\/wp12764376.server-he.de\/wp\/index.php?rest_route=\/wp\/v2\/types\/page"}],"author":[{"embeddable":true,"href":"http:\/\/wp12764376.server-he.de\/wp\/index.php?rest_route=\/wp\/v2\/users\/1"}],"replies":[{"embeddable":true,"href":"http:\/\/wp12764376.server-he.de\/wp\/index.php?rest_route=%2Fwp%2Fv2%2Fcomments&post=17"}],"version-history":[{"count":3,"href":"http:\/\/wp12764376.server-he.de\/wp\/index.php?rest_route=\/wp\/v2\/pages\/17\/revisions"}],"predecessor-version":[{"id":158,"href":"http:\/\/wp12764376.server-he.de\/wp\/index.php?rest_route=\/wp\/v2\/pages\/17\/revisions\/158"}],"wp:attachment":[{"href":"http:\/\/wp12764376.server-he.de\/wp\/index.php?rest_route=%2Fwp%2Fv2%2Fmedia&parent=17"}],"curies":[{"name":"wp","href":"https:\/\/api.w.org\/{rel}","templated":true}]}}